{"id":18861,"date":"2023-10-19T10:58:16","date_gmt":"2023-10-19T08:58:16","guid":{"rendered":"https:\/\/www.addit.it\/?page_id=18861"},"modified":"2023-10-19T15:02:20","modified_gmt":"2023-10-19T13:02:20","slug":"cookie-policy","status":"publish","type":"page","link":"https:\/\/www.addit.it\/en\/cookie-policy\/","title":{"rendered":"Cookie Policy"},"content":{"rendered":"\t\t<div data-elementor-type=\"wp-page\" data-elementor-id=\"18861\" class=\"elementor elementor-18861 elementor-18860\" data-elementor-post-type=\"page\">\n\t\t\t\t<div data-dce-background-color=\"#0094FF10\" class=\"elementor-element elementor-element-c261eff wd-section-stretch e-flex e-con-boxed e-con e-parent\" data-id=\"c261eff\" data-element_type=\"container\" data-settings=\"{&quot;background_background&quot;:&quot;gradient&quot;}\">\n\t\t\t\t\t<div class=\"e-con-inner\">\n\t\t<div class=\"wd-negative-gap elementor-element elementor-element-7a0cdee e-flex e-con-boxed wd-section-disabled e-con e-child\" data-id=\"7a0cdee\" data-element_type=\"container\" data-settings=\"{&quot;background_background&quot;:&quot;classic&quot;}\">\n\t\t\t\t\t<div class=\"e-con-inner\">\n\t\t\t\t<div class=\"elementor-element elementor-element-b07223f color-scheme-inherit text-left elementor-widget elementor-widget-text-editor\" data-id=\"b07223f\" data-element_type=\"widget\" data-widget_type=\"text-editor.default\">\n\t\t\t\t<div class=\"elementor-widget-container\">\n\t\t\t\t\t\t\t\t\t<h1>Cookie Policy<\/h1>\n\t\t\t\t\t\t\t\t<\/div>\n\t\t\t\t<\/div>\n\t\t\t\t<div class=\"elementor-element elementor-element-cc12222 color-scheme-inherit text-left elementor-widget elementor-widget-text-editor\" data-id=\"cc12222\" data-element_type=\"widget\" data-widget_type=\"text-editor.default\">\n\t\t\t\t<div class=\"elementor-widget-container\">\n\t\t\t\t\t\t\t\t\t<p>La presente informativa viene resa ai sensi del Regolamento UE 2016\/679 del Parlamento europeo e del Consiglio del 27.04.2016 relativo alla protezione delle persone fisiche con riguardo al trattamento dei dati personali, nonch\u00e9 alla libera circolazione di tali dati (c.d. \u201cRegolamento generale sul trattamento dei dati personali\u201d o \u201cGDPR\u201d) e del D. Lgs. 30.06.2003, n. 196, cos\u00ec come modificato ed integrato dal D. Lgs. 10.08.2018, n. 101 (\u201cCodice in materia di dati personali\u201d o \u201cCodice Privacy\u201d) dal Titolare del trattamento, vale a dire colui che determina gli scopi e i mezzi del trattamento dei dati personali.<\/p>\n<p>Il Titolare del trattamento, consapevole dell&#8217;importanza di garantire la sicurezza delle informazioni di carattere personale, fornisce le informazioni necessarie a rendere consapevole l\u2019utente (di seguito \u201c<strong>Utente<\/strong>\u201d o \u201c<strong>Interessato<\/strong>\u201d), delle caratteristiche e delle modalit\u00e0 del trattamento dei suoi dati personali relativamente all\u2019utilizzo del sito web dei cookies e\/o di altri strumenti di tracciamento.<\/p>\n<p>La presente informativa costituisce parte integrante e sostanziale delle <a href=\"https:\/\/www.addit.it\/en\/our-contacts-2\/\"><strong><u>Privacy Policy del sito web<\/u><\/strong><\/a> a cui si rimanda.<\/p>\n<ol>\n<li><strong>Cookies e altri strumenti di tracciamento<\/strong><\/li>\n<\/ol>\n<p>Il sito web utilizza i c.d. cookies e\/o altri strumenti di tracciamento per garantire l\u2019erogazione delle funzionalit\u00e0 e\/o dei servizi del medesimo sito web, nonch\u00e9 per un migliorarne il funzionamento.<\/p>\n<ol start=\"2\">\n<li><strong>Che cosa sono i cookies<\/strong><\/li>\n<\/ol>\n<p>I cookies sono piccoli frammenti di testo, normalmente costituiti da lettere e\/o numeri, che vengono inviati dal sito web visitato e memorizzati dal software per la navigazione in internet (browser) installato sul dispositivo (personal computer, smartphone, tablet, ecc.) utilizzato dall\u2019Utente per la navigazione. I cookies vengono poi ritrasmessi al sito web alla successiva visita dell\u2019Utente medesimo.<\/p>\n<p>Le informazioni codificate nei cookies possono includere dati personali, come un indirizzo IP, un nome utente o un indirizzo e-mail, ma possono anche contenere dati non personali, come le impostazioni della lingua o informazioni sul tipo di dispositivo che una persona sta utilizzando per navigare nel sito web.<\/p>\n<p>I cookies possono dunque svolgere importanti e diverse funzioni, tra cui il monitoraggio di sessioni, la memorizzazione di informazioni su specifiche configurazioni riguardanti gli utenti che accedono al server o l\u2019agevolazione nella fruizione dei contenuti online. Possono ad esempio essere impiegati per tenere traccia degli articoli in un carrello degli acquisti online o delle informazioni utilizzate per la compilazione di un modulo informatico. Se da un lato \u00e8 tramite i cookies che \u00e8 possibile consentire alle pagine web di caricarsi pi\u00f9 velocemente, come pure instradare le informazioni su una rete \u2013 in linea dunque con adempimenti strettamente connessi alla operativit\u00e0 stessa dei siti web \u2013, sempre attraverso i cookies \u00e8 possibile anche veicolare la pubblicit\u00e0 comportamentale e misurare poi l\u2019efficacia del messaggio pubblicitario, ovvero conformare tipologia e modalit\u00e0 dei servizi resi ai comportamenti dell\u2019utente.<\/p>\n<p>Il medesimo risultato pu\u00f2 essere conseguito anche mediante l\u2019utilizzo di altri strumenti di tracciamento, che consentono di effettuare trattamenti analoghi a quelli eseguiti tramite i cookies. Tra questi strumenti di tracciamento \u00e8 ricompreso il fingerprinting, ossia quella tecnica che permette di identificare il dispositivo utilizzato dall\u2019utente tramite la raccolta di tutte o alcune delle informazioni relative alla specifica configurazione del dispositivo stesso adottata dall\u2019utente. Tale tecnica pu\u00f2 essere utilizzata per il conseguimento delle medesime finalit\u00e0 di profilazione tesa anche alla visualizzazione di pubblicit\u00e0 comportamentale personalizzata ed all\u2019analisi e monitoraggio dei comportamenti dei visitatori del sito web, ovvero per conformare tipologia e modalit\u00e0 dei servizi resi ai comportamenti dell\u2019utente. D\u2019ora in poi, anche questi altri strumenti di tracciamento verranno ricompresi nella definizione di cookies.<\/p>\n<ol start=\"3\">\n<li><strong>Come vengono classificati i cookies<\/strong><\/li>\n<\/ol>\n<p>I cookies sono classificabili in base alla:<\/p>\n<ul>\n<li>finalit\u00e0 (cookies tecnici, analitici o di profilazione);<\/li>\n<li>provenienza (cookies di prima parte o cookies di terza parte);<\/li>\n<li>durata (cookies di sessione o cookies persistenti).<\/li>\n<\/ul>\n<p>In base alla finalit\u00e0, i cookies si distinguono in cookies tecnici, cookies analitici e cookies di profilazione.<\/p>\n<p>I cookies tecnici sono quelli utilizzati al solo fine di effettuare la trasmissione di una comunicazione su una rete di comunicazione elettronica, o nella misura strettamente necessaria al fornitore di un servizio della societ\u00e0 dell&#8217;informazione esplicitamente richiesto dall&#8217;utente a erogare tale servizio. I cookies tecnici sono indispensabili per il corretto funzionamento di un sito web e vengono utilizzati per gestire diversi servizi legati al sito web medesimo (come ad esempio un login o l\u2019accesso alle funzioni riservate nei siti). La durata dei cookies \u00e8 strettamente limitata alla sessione di lavoro oppure possono avvalersi di un tempo di permanenza pi\u00f9 lungo al fine di ricordare le scelte dell\u2019utente. La disattivazione dei cookies strettamente necessari pu\u00f2 compromettere l\u2019esperienza d\u2019uso e di navigazione del sito web. Per l\u2019utilizzo di cookies tecnici non \u00e8 richiesta la previa acquisizione del consenso dell\u2019utente.<\/p>\n<p>I cookies analitici sono cookies utilizzati per raccogliere informazioni sull\u2019uso del sito web. In particolare, sono utili per analizzare statisticamente gli accessi o le visite al sito stesso e per consentire di migliorarne la struttura, le logiche di navigazione e i contenuti. Le informazioni raccolte sono utilizzate per effettuare analisi statistiche al fine di migliorare l\u2019utilizzo del sito web ed eventualmente per rendere i contenuti pi\u00f9 interessanti e attinenti ai desideri dell\u2019Utente. Per l\u2019utilizzo dei cookies analitici, non essendo gli stessi necessari al funzionamento del sito web, \u00e8 richiesta la previa acquisizione del consenso dell\u2019utente. Tuttavia, i cookies analitici che adottano misure di minimizzazione che riducano il potere identificativo dei dati (es. anonimizzati tramite il mascheramento di porzioni dell\u2019indirizzo IP dell\u2019Utente che naviga sul sito web), possono essere equiparati ad i cookies tecnici e per il loro utilizzo non \u00e8 richiesta la previa acquisizione del consenso dell\u2019utente.<\/p>\n<p>I cookies di profilazione servono a tracciare la navigazione dell\u2019Utente, analizzare il suo comportamento e creare profili in merito ai suoi gusti, abitudini o scelte, ecc. In questo modo \u00e8 possibile ad esempio trasmettere messaggi pubblicitari mirati in relazione agli interessi dell\u2019utente ed in linea con le preferenze da questi manifestate nella navigazione online. Per l\u2019utilizzo dei cookies di profilazione \u00e8 richiesta la previa acquisizione del consenso dell\u2019utente.<\/p>\n<p>In base alla provenienza, i cookies si distinguono in cookies di prima parte e cookies di terza parte.<\/p>\n<p>I cookies di prima parte sono installati direttamente dal sito web che l&#8217;utente sta visitando, mentre i cookies di terze parti sono installati da un dominio differente da quello che l&#8217;utente sta visitando, ad esempio nel caso in cui il sito web incorpori elementi provenienti da altri siti, come immagini, plugin di social media e social network o pubblicit\u00e0, ovvero nel caso i widget e altri strumenti di interconnessione con siti e funzionalit\u00e0 esterne.<\/p>\n<p>Per i cookies di terze parti installati tramite il sito web, gli obblighi in materia di protezione dei dai personali (per esempio, somministrazione dell\u2019informativa e acquisizione del consenso per l\u2019utilizzo dei cookies) riguardano le terze parti ed \u00e8 possibile opporsi al loro utilizzo direttamente sulle pagine web delle terza parte.<\/p>\n<p>In base alla durata, i cookies si distinguono in cookies di sessione e cookies persistenti.<\/p>\n<p>I cookies che scadono alla fine di una sessione del browser (normalmente quando un utente chiude il proprio browser) sono definiti cookies di sessione e sono utili ad esempio per memorizzare l\u2019ordine d\u2019acquisto di un utente, oppure per scopi di sicurezza, come quando si accede al proprio internet banking o all\u2019account della webmail.<\/p>\n<p>I cookies che, invece, vengono memorizzati per un periodo di tempo pi\u00f9 esteso (tra una sessione e l\u2019altra, anche dopo avere chiuso il browser) sono detti cookies persistenti e sono utili ad esempio per ricordare le preferenze dell\u2019utente o per proporre pubblicit\u00e0 mirata.<\/p>\n<ol start=\"4\">\n<li><strong>Quali sono i cookies utilizzati dal sito web del Titolare<\/strong><\/li>\n<\/ol>\n<p>I cookies utilizzati dal sito web del Titolare sono solamente quelli tecnici o quelli analitici che adottano misure di minimizzazione che riducano il potere identificativo dei dati (equiparati ai cookies tecnici), per garantire l\u2019erogazione delle funzionalit\u00e0 e\/o dei servizi del medesimo sito web, nonch\u00e9 per migliorarne il funzionamento.<\/p>\n<p><strong> <\/strong><\/p>\n<ol start=\"5\">\n<li><strong>Come si gestiscono le preferenze sui cookies<\/strong><\/li>\n<\/ol>\n<p>L\u2019Utente pu\u00f2 in ogni momento manifestare le proprie preferenze sui cookies attraverso le impostazioni del browser utilizzato. Di default quasi tutti i browser sono impostati per accettare automaticamente i cookies, ma gli utenti possono modificare la configurazione predefinita tramite le impostazioni del browser utilizzato, che consentono di cancellare\/rimuovere tutti o alcuni cookies o bloccare l\u2019invio dei cookies o limitarlo a determinati siti. La disabilitazione \/ il blocco dei cookies o la loro cancellazione potrebbe compromettere la fruizione ottimale di alcune aree del sito o impedire alcune funzionalit\u00e0. La configurazione della gestione dei cookies dipende dal browser utilizzato. Si riportano di seguito le istruzioni e i link alle guide per la gestione dei cookies dei principali browser:<\/p>\n<p>Google Chrome: cliccare sull\u2019icona con i tre pallini in alto a destra e quindi su \u201cImpostazioni\u201d. Selezionare \u201cAvanzate\u201d e nella sezione \u201cPrivacy e sicurezza\u201d cliccare su \u201cImpostazioni Sito\u201d. Regolare quindi le impostazioni dei cookie selezionando \u201cCookie e dati dei siti\u201d. <a href=\"https:\/\/support.google.com\/chrome\/answer\/95647?hl=it&amp;p=cpn_cookies%20https:\/\/support.google.com\/accounts\/answer\/61416?hl=it\"><strong>Clicca qui per ottenere maggiori informazioni<\/strong>.<\/a> <\/p>\n<p>Mozilla Firefox: cliccare sull\u2019icona con le tre barrette orizzontali in alto a destra e selezionare \u201cOpzioni\u201d. Nella finestra selezionare \u201cPrivacy e sicurezza\u201d per regolare le impostazioni dei cookie. <a href=\"https:\/\/support.mozilla.org\/it\/kb\/protezione-antitracciamento-avanzata-firefox-desktop?redirectslug=Attivare+e+disattivare+i+cookie&amp;redirectlocale=it\"><strong>Clicca qui per ottenere maggiori informazioni<\/strong>.<\/a><\/p>\n<p>Microsoft Edge: cliccare sull\u2019icona con i tre puntini orizzontali in alto a destra e selezionare \u201cImpostazioni\u201d. Nella finestra selezionare \u201cPrivacy e sicurezza\u201d per regolare le impostazioni dei cookie. <a href=\"https:\/\/support.microsoft.com\/it-it\/windows\/microsoft-edge-dati-delle-esplorazioni-e-privacy-bb8174ba-9d73-dcf2-9b4a-c582b4e640dd\"><strong>Clicca qui per ottenere maggiori informazioni<\/strong>.<\/a><\/p>\n<p>Microsoft Internet Explorer: cliccare sull\u2019icona dell\u2019ingranaggio in alto a destra e selezionare \u201cOpzioni Internet\u201d. Nella finestra selezionare \u201cPrivacy\u201d, \u201cAvanzate\u201d e regolare le impostazioni dei cookies. <a href=\"https:\/\/support.microsoft.com\/it-it\/windows\/eliminare-e-gestire-i-cookie-168dab11-0753-043d-7c16-ede5947fc64d\"><strong>Clicca qui per ottenere maggiori informazioni<\/strong>.<\/a><\/p>\n<p>Apple Safari: selezionare \u201cPreferenze\u201d e poi \u201cPrivacy\u201d dove regolare le impostazioni dei cookie. <a href=\"https:\/\/support.apple.com\/it-it\/guide\/safari\/sfri11471\/mac\"><strong>Clicca qui per ottenere maggiori informazioni<\/strong>.<\/a><\/p>\n<p>Opera: selezionare l\u2019icona con le tre barrette orizzontali in alto a destra e poi su \u201cAvanzate\u201d. Selezionare \u201cRiservatezza &amp; Sicurezza\u201d e poi \u201cImpostazioni sito\u201d. Dalla sezione \u201cCookie e dati dei siti\u201d regolare le impostazioni dei cookie. <a href=\"https:\/\/help.opera.com\/en\/latest\/web-preferences\/#cookies\"><strong>Clicca qui per ottenere maggiori informazioni<\/strong>.<\/a><\/p>\n<p>Per browser diversi da quelli sopra elencati, \u00e8 necessario consultare la relativa guida per individuare le modalit\u00e0 di gestione dei cookies.<\/p>\n<p>Qualora si rendesse necessario a seguito di eventuali modifiche normative o a seguito dell\u2019evoluzione di taluni servizi del sito web o delle tecnologie utilizzate per erogarli, potr\u00e0 dover aggiornare la presente informativa.<\/p>\n<p>Sar\u00e0 cura del Titolare segnalare all\u2019Utente ogni eventuale modifica significativa. Si invita comunque l\u2019Utente a visitare periodicamente questa pagina per verificare che nulla sia cambiato.<\/p>\n\t\t\t\t\t\t\t\t<\/div>\n\t\t\t\t<\/div>\n\t\t\t\t\t<\/div>\n\t\t\t\t<\/div>\n\t\t\t\t\t<\/div>\n\t\t\t\t<\/div>\n\t\t<div class=\"elementor-element elementor-element-0f8978d e-flex e-con-boxed wd-section-disabled e-con e-parent\" data-id=\"0f8978d\" data-element_type=\"container\">\n\t\t\t\t\t<div class=\"e-con-inner\">\n\t\t\t\t<div class=\"elementor-element elementor-element-a87ca29 elementor-widget elementor-widget-html\" data-id=\"a87ca29\" data-element_type=\"widget\" data-widget_type=\"html.default\">\n\t\t\t\t<div class=\"elementor-widget-container\">\n\t\t\t\t\t<div class=\"cky-audit-table-element\"><\/div>\t\t\t\t<\/div>\n\t\t\t\t<\/div>\n\t\t\t\t\t<\/div>\n\t\t\t\t<\/div>\n\t\t\t\t<\/div>\n\t\t","protected":false},"excerpt":{"rendered":"<p>Cookie Policy La presente informativa viene resa ai sensi del Regolamento UE 2016\/679 del Parlamento europeo e del Consiglio del<\/p>\n","protected":false},"author":1,"featured_media":0,"parent":0,"menu_order":0,"comment_status":"closed","ping_status":"closed","template":"","meta":{"_acf_changed":false,"footnotes":""},"class_list":["post-18861","page","type-page","status-publish","hentry"],"acf":[],"yoast_head":"<!-- This site is optimized with the Yoast SEO plugin v26.8 - https:\/\/yoast.com\/product\/yoast-seo-wordpress\/ -->\n<title>Cookie policy, Addit<\/title>\n<meta name=\"description\" content=\"Cookie Policy - All the useful information about the types and purposes of cookies released by the Addit website.&quot;\" \/>\n<meta name=\"robots\" content=\"index, follow, max-snippet:-1, max-image-preview:large, max-video-preview:-1\" \/>\n<link rel=\"canonical\" href=\"https:\/\/www.addit.it\/en\/cookie-policy\/\" \/>\n<meta property=\"og:locale\" content=\"en_US\" \/>\n<meta property=\"og:type\" content=\"article\" \/>\n<meta property=\"og:title\" content=\"Cookie policy, Addit\" \/>\n<meta property=\"og:description\" content=\"Cookie Policy - All the useful information about the types and purposes of cookies released by the Addit website.&quot;\" \/>\n<meta property=\"og:url\" content=\"https:\/\/www.addit.it\/en\/cookie-policy\/\" \/>\n<meta property=\"og:site_name\" content=\"Addit SRL\" \/>\n<meta property=\"article:modified_time\" content=\"2023-10-19T13:02:20+00:00\" \/>\n<meta name=\"twitter:card\" content=\"summary_large_image\" \/>\n<meta name=\"twitter:label1\" content=\"Est. reading time\" \/>\n\t<meta name=\"twitter:data1\" content=\"9 minutes\" \/>\n<script type=\"application\/ld+json\" class=\"yoast-schema-graph\">{\"@context\":\"https:\/\/schema.org\",\"@graph\":[{\"@type\":\"WebPage\",\"@id\":\"https:\/\/www.addit.it\/en\/cookie-policy\/\",\"url\":\"https:\/\/www.addit.it\/en\/cookie-policy\/\",\"name\":\"Cookie policy, Addit\",\"isPartOf\":{\"@id\":\"https:\/\/www.addit.it\/en\/#website\"},\"datePublished\":\"2023-10-19T08:58:16+00:00\",\"dateModified\":\"2023-10-19T13:02:20+00:00\",\"description\":\"Cookie Policy - All the useful information about the types and purposes of cookies released by the Addit website.\\\"\",\"breadcrumb\":{\"@id\":\"https:\/\/www.addit.it\/en\/cookie-policy\/#breadcrumb\"},\"inLanguage\":\"en-US\",\"potentialAction\":[{\"@type\":\"ReadAction\",\"target\":[\"https:\/\/www.addit.it\/en\/cookie-policy\/\"]}]},{\"@type\":\"BreadcrumbList\",\"@id\":\"https:\/\/www.addit.it\/en\/cookie-policy\/#breadcrumb\",\"itemListElement\":[{\"@type\":\"ListItem\",\"position\":1,\"name\":\"Home\",\"item\":\"https:\/\/www.addit.it\/en\/\"},{\"@type\":\"ListItem\",\"position\":2,\"name\":\"Cookie Policy\"}]},{\"@type\":\"WebSite\",\"@id\":\"https:\/\/www.addit.it\/en\/#website\",\"url\":\"https:\/\/www.addit.it\/en\/\",\"name\":\"Addit SRL\",\"description\":\"Spark your business\",\"publisher\":{\"@id\":\"https:\/\/www.addit.it\/en\/#organization\"},\"potentialAction\":[{\"@type\":\"SearchAction\",\"target\":{\"@type\":\"EntryPoint\",\"urlTemplate\":\"https:\/\/www.addit.it\/en\/?s={search_term_string}\"},\"query-input\":{\"@type\":\"PropertyValueSpecification\",\"valueRequired\":true,\"valueName\":\"search_term_string\"}}],\"inLanguage\":\"en-US\"},{\"@type\":\"Organization\",\"@id\":\"https:\/\/www.addit.it\/en\/#organization\",\"name\":\"Addit Srl\",\"url\":\"https:\/\/www.addit.it\/en\/\",\"logo\":{\"@type\":\"ImageObject\",\"inLanguage\":\"en-US\",\"@id\":\"https:\/\/www.addit.it\/en\/#\/schema\/logo\/image\/\",\"url\":\"https:\/\/www.addit.it\/wp-content\/uploads\/2023\/09\/Addit_logo-PO_positivo_RGB.png\",\"contentUrl\":\"https:\/\/www.addit.it\/wp-content\/uploads\/2023\/09\/Addit_logo-PO_positivo_RGB.png\",\"width\":2000,\"height\":776,\"caption\":\"Addit Srl\"},\"image\":{\"@id\":\"https:\/\/www.addit.it\/en\/#\/schema\/logo\/image\/\"}}]}<\/script>\n<!-- \/ Yoast SEO plugin. -->","yoast_head_json":{"title":"Cookie policy, Addit","description":"Cookie Policy - All the useful information about the types and purposes of cookies released by the Addit website.\"","robots":{"index":"index","follow":"follow","max-snippet":"max-snippet:-1","max-image-preview":"max-image-preview:large","max-video-preview":"max-video-preview:-1"},"canonical":"https:\/\/www.addit.it\/en\/cookie-policy\/","og_locale":"en_US","og_type":"article","og_title":"Cookie policy, Addit","og_description":"Cookie Policy - All the useful information about the types and purposes of cookies released by the Addit website.\"","og_url":"https:\/\/www.addit.it\/en\/cookie-policy\/","og_site_name":"Addit SRL","article_modified_time":"2023-10-19T13:02:20+00:00","twitter_card":"summary_large_image","twitter_misc":{"Est. reading time":"9 minutes"},"schema":{"@context":"https:\/\/schema.org","@graph":[{"@type":"WebPage","@id":"https:\/\/www.addit.it\/en\/cookie-policy\/","url":"https:\/\/www.addit.it\/en\/cookie-policy\/","name":"Cookie policy, Addit","isPartOf":{"@id":"https:\/\/www.addit.it\/en\/#website"},"datePublished":"2023-10-19T08:58:16+00:00","dateModified":"2023-10-19T13:02:20+00:00","description":"Cookie Policy - All the useful information about the types and purposes of cookies released by the Addit website.\"","breadcrumb":{"@id":"https:\/\/www.addit.it\/en\/cookie-policy\/#breadcrumb"},"inLanguage":"en-US","potentialAction":[{"@type":"ReadAction","target":["https:\/\/www.addit.it\/en\/cookie-policy\/"]}]},{"@type":"BreadcrumbList","@id":"https:\/\/www.addit.it\/en\/cookie-policy\/#breadcrumb","itemListElement":[{"@type":"ListItem","position":1,"name":"Home","item":"https:\/\/www.addit.it\/en\/"},{"@type":"ListItem","position":2,"name":"Cookie Policy"}]},{"@type":"WebSite","@id":"https:\/\/www.addit.it\/en\/#website","url":"https:\/\/www.addit.it\/en\/","name":"Addit SRL","description":"Spark your business","publisher":{"@id":"https:\/\/www.addit.it\/en\/#organization"},"potentialAction":[{"@type":"SearchAction","target":{"@type":"EntryPoint","urlTemplate":"https:\/\/www.addit.it\/en\/?s={search_term_string}"},"query-input":{"@type":"PropertyValueSpecification","valueRequired":true,"valueName":"search_term_string"}}],"inLanguage":"en-US"},{"@type":"Organization","@id":"https:\/\/www.addit.it\/en\/#organization","name":"Addit Srl","url":"https:\/\/www.addit.it\/en\/","logo":{"@type":"ImageObject","inLanguage":"en-US","@id":"https:\/\/www.addit.it\/en\/#\/schema\/logo\/image\/","url":"https:\/\/www.addit.it\/wp-content\/uploads\/2023\/09\/Addit_logo-PO_positivo_RGB.png","contentUrl":"https:\/\/www.addit.it\/wp-content\/uploads\/2023\/09\/Addit_logo-PO_positivo_RGB.png","width":2000,"height":776,"caption":"Addit Srl"},"image":{"@id":"https:\/\/www.addit.it\/en\/#\/schema\/logo\/image\/"}}]}},"_links":{"self":[{"href":"https:\/\/www.addit.it\/en\/wp-json\/wp\/v2\/pages\/18861","targetHints":{"allow":["GET"]}}],"collection":[{"href":"https:\/\/www.addit.it\/en\/wp-json\/wp\/v2\/pages"}],"about":[{"href":"https:\/\/www.addit.it\/en\/wp-json\/wp\/v2\/types\/page"}],"author":[{"embeddable":true,"href":"https:\/\/www.addit.it\/en\/wp-json\/wp\/v2\/users\/1"}],"replies":[{"embeddable":true,"href":"https:\/\/www.addit.it\/en\/wp-json\/wp\/v2\/comments?post=18861"}],"version-history":[{"count":6,"href":"https:\/\/www.addit.it\/en\/wp-json\/wp\/v2\/pages\/18861\/revisions"}],"predecessor-version":[{"id":18913,"href":"https:\/\/www.addit.it\/en\/wp-json\/wp\/v2\/pages\/18861\/revisions\/18913"}],"wp:attachment":[{"href":"https:\/\/www.addit.it\/en\/wp-json\/wp\/v2\/media?parent=18861"}],"curies":[{"name":"wp","href":"https:\/\/api.w.org\/{rel}","templated":true}]}}